{"id":940,"date":"2016-05-10T03:48:21","date_gmt":"2016-05-10T03:48:21","guid":{"rendered":"https:\/\/www.gstrad.com\/accessibility\/"},"modified":"2023-04-21T10:12:51","modified_gmt":"2023-04-21T10:12:51","slug":"accessibility","status":"publish","type":"page","link":"https:\/\/www.gstrad.com\/en\/accessibility\/","title":{"rendered":"Accessibility"},"content":{"rendered":"<p>[et_pb_section fb_built=&#8221;1&#8243; admin_label=&#8221;section&#8221; _builder_version=&#8221;4.16&#8243; global_colors_info=&#8221;{}&#8221;][et_pb_row admin_label=&#8221;row&#8221; _builder_version=&#8221;4.16&#8243; background_size=&#8221;initial&#8221; background_position=&#8221;top_left&#8221; background_repeat=&#8221;repeat&#8221; global_colors_info=&#8221;{}&#8221;][et_pb_column type=&#8221;4_4&#8243; _builder_version=&#8221;4.16&#8243; custom_padding=&#8221;|||&#8221; global_colors_info=&#8221;{}&#8221; custom_padding__hover=&#8221;|||&#8221;][et_pb_text admin_label=&#8221;Text&#8221; _builder_version=&#8221;4.20.2&#8243; background_size=&#8221;initial&#8221; background_position=&#8221;top_left&#8221; background_repeat=&#8221;repeat&#8221; global_colors_info=&#8221;{}&#8221;]<\/p>\n<h1> Declaraci\u00f3n de Accesibilidad<\/h1>\n<p>GRUPO SALVADOR TRADUCCIONES (Ver\u00f3nica Salavdor D\u00edaz) se ha comprometido a hacer accesible su sitio web, de conformidad con <span style=\"color: rgba(0, 0, 0, 0.61);\"><a href=\"http:\/\/www.boe.es\/diario_boe\/txt.php?id=BOE-A-2018-12699\" style=\"color: rgba(0, 0, 0, 0.61);\">Real Decreto 1112\/2018, de 7 de septiembre, sobre accesibilidad de los sitios web y aplicaciones para dispositivos m\u00f3viles del sector p\u00fablico<\/a>.<\/span><\/p>\n<p>La presente declaraci\u00f3n de accesibilidad se aplica a el sitio web GSTRAD.COM.<\/p>\n<p>El sitio web est\u00e1 dise\u00f1ado para su visualizaci\u00f3n Responsive, con lo que se visualiza de forma \u00f3ptima en los dispositivos tablet y m\u00f3viles. En estos dispositivos est\u00e1 optimizado para su visualizaci\u00f3n en las \u00faltimas versiones vigentes de \u201cChrome for mobile\u201d, \u201cFirefox for mobile\u201d, \u201cSafari mobile\u201d, \u201cOpera Mini\u201d y navegador nativo de Android. E incluye un m\u00f3dulo de accesibilidad que permite:<\/p>\n<ul>\n<li>Aumentar el tama\u00f1o del texto<\/li>\n<li>Reducir el tama\u00f1o del texto<\/li>\n<li>Escala de grises<\/li>\n<li>Alto contraste<\/li>\n<li>Contraste negativo<\/li>\n<li>Aclarar el fondo<\/li>\n<li>subrayar los v\u00ednculos<\/li>\n<li>Fuente legible<\/li>\n<li>Volver a los valores preestablecidos<\/li>\n<\/ul>\n<p> Sin necesidad de acudir a la configuraci\u00f3n de accesibilidad del navegador.<\/p>\n<p>La \u00faltima revisi\u00f3n de la accesibilidad se ha realizado en abril de 2023.<\/p>\n<p>&nbsp;<\/p>\n<p><strong>Situaci\u00f3n de cumplimiento<\/strong><\/p>\n<p>El sitio web de Grupo Salvador Traducciones es <strong>parcialmente conforme<\/strong> con el RD 1112\/2018 debido a las excepciones y a la falta de conformidad de los aspectos que se indican a continuaci\u00f3n.<\/p>\n<p>Contenido no accesible<\/p>\n<p><strong>Falta de conformidad con el RD 1112\/2018<\/strong><\/p>\n<p>El contenido que se recoge a continuaci\u00f3n no es accesible por lo siguiente (todas ellas cuestiones en revisi\u00f3n que ser\u00e1n mejoradas en sucesivas versiones de los portales):<\/p>\n<ul>\n<li>Algunas de las im\u00e1genes de la web deber\u00edan estar marcadas como decorativas.<\/li>\n<li>En la \u00faltima revisi\u00f3n se ha comprobado que hay problemas de contraste de color en algunos bloques de la web.<\/li>\n<li>En algunas p\u00e1ginas hay problemas en el orden de lectura y tabulaci\u00f3n.<\/li>\n<li>Podr\u00edan existir fallos puntuales de edici\u00f3n en alguna secci\u00f3n web.<\/li>\n<li>Los textos de muchos parrafos se hayam justificados.<\/li>\n<\/ul>\n<p><strong>Carga desproporcionada<\/strong><\/p>\n<p>No aplica.<\/p>\n<p><strong>Preparaci\u00f3n de la presente declaraci\u00f3n de accesibilidad<\/strong><\/p>\n<p>La presente declaraci\u00f3n fue preparada el 20 de abril de 2023.<\/p>\n<p>El m\u00e9todo empleado para preparar la declaraci\u00f3n ha sido una autoevaluaci\u00f3n llevada a cabo por la empresa de programaci\u00f3n.<\/p>\n<p>\u00daltima revisi\u00f3n de la declaraci\u00f3n: 20 de abril de 2023.<\/p>\n<p>Observaciones y datos de contacto<\/p>\n<p>Puede realizar comunicaciones sobre requisitos de accesibilidad (art\u00edculo 10.2.a) del RD 1112\/2018) como, por ejemplo:<\/p>\n<ul>\n<li>Informar sobre cualquier posible incumplimiento por parte de este sitio web.<\/li>\n<li>Transmitir otras dificultades de acceso al contenido.<\/li>\n<li>Formular cualquier otra consulta o sugerencia de mejora relativa a la accesibilidad del sitio web a trav\u00e9s del correo vsd@gstrad.com o llamando al tel\u00e9fono (+34) 665 12 99 11 .<\/li>\n<\/ul>\n<p>Puede presentar:<\/p>\n<ul>\n<li>Una queja relativa al cumplimiento de los requisitos del RD 1112\/2018<\/li>\n<li>Una solicitud de informaci\u00f3n accesible relativa a:\n<ol>\n<li>Contenidos que est\u00e1n excluidos del \u00e1mbito de aplicaci\u00f3n del RD 1112\/2018 seg\u00fan lo establecido por el art\u00edculo 3, apartado 4.<\/li>\n<li>Contenidos que est\u00e1n exentos del cumplimiento de los requisitos de accesibilidad por imponer una carga desproporcionada.<\/li>\n<\/ol>\n<\/li>\n<\/ul>\n<p>En la solicitud de informaci\u00f3n accesible, se debe concretar, con toda claridad, los hechos, razones y petici\u00f3n que permitan constatar que se trata de una solicitud razonable y leg\u00edtima.<\/p>\n<p>Las comunicaciones, quejas y solicitudes de informaci\u00f3n accesible ser\u00e1n recibidas y tratadas por GRUPO SALVADOR TRADUCCIONES a trav\u00e9s del formulario de contacto de la web (asunto accesibilidad). Si una vez realizada una solicitud de informaci\u00f3n accesible o queja, esta hubiera sido desestimada, no se estuviera de acuerdo con la decisi\u00f3n adoptada, o la respuesta no cumpliera los requisitos contemplados en el art\u00edculo 12.5, la persona interesada podr\u00e1 iniciar una reclamaci\u00f3n. Igualmente se podr\u00e1 iniciar una reclamaci\u00f3n en el caso de que haya transcurrido el plazo de veinte d\u00edas h\u00e1biles sin haber obtenido respuesta. La reclamaci\u00f3n puede ser presentada trav\u00e9s de la Instancia Gen\u00e9rica de la sede electr\u00f3nica del Ministerio de Asuntos Econ\u00f3micos y Transformaci\u00f3n Digital, as\u00ed como en el resto de opciones recogidas en la Ley 39\/ 2015, de 1 de octubre, del Procedimiento Administrativo Com\u00fan de las Administraciones P\u00fablicas. Las reclamaciones ser\u00e1n recibidas y tratadas por la Subdirecci\u00f3n General de Inspecci\u00f3n de Servicios del Ministerio.<\/p>\n<p>&nbsp;<\/p>\n<p>[\/et_pb_text][\/et_pb_column][\/et_pb_row][\/et_pb_section]<\/p>\n","protected":false},"excerpt":{"rendered":"<p>Declaraci\u00f3n de Accesibilidad GRUPO SALVADOR TRADUCCIONES (Ver\u00f3nica Salavdor D\u00edaz) se ha comprometido a hacer accesible su sitio web, de conformidad con Real Decreto 1112\/2018, de 7 de septiembre, sobre accesibilidad de los sitios web y aplicaciones para dispositivos m\u00f3viles del sector p\u00fablico. La presente declaraci\u00f3n de accesibilidad se aplica a el sitio web GSTRAD.COM. El [&hellip;]<\/p>\n","protected":false},"author":1,"featured_media":0,"parent":0,"menu_order":0,"comment_status":"closed","ping_status":"closed","template":"","meta":{"_et_pb_use_builder":"on","_et_pb_old_content":"","_et_gb_content_width":"","om_disable_all_campaigns":false,"_monsterinsights_skip_tracking":false,"_monsterinsights_sitenote_active":false,"_monsterinsights_sitenote_note":"","_monsterinsights_sitenote_category":0,"footnotes":""},"aioseo_notices":[],"_links":{"self":[{"href":"https:\/\/www.gstrad.com\/en\/wp-json\/wp\/v2\/pages\/940"}],"collection":[{"href":"https:\/\/www.gstrad.com\/en\/wp-json\/wp\/v2\/pages"}],"about":[{"href":"https:\/\/www.gstrad.com\/en\/wp-json\/wp\/v2\/types\/page"}],"author":[{"embeddable":true,"href":"https:\/\/www.gstrad.com\/en\/wp-json\/wp\/v2\/users\/1"}],"replies":[{"embeddable":true,"href":"https:\/\/www.gstrad.com\/en\/wp-json\/wp\/v2\/comments?post=940"}],"version-history":[{"count":3,"href":"https:\/\/www.gstrad.com\/en\/wp-json\/wp\/v2\/pages\/940\/revisions"}],"predecessor-version":[{"id":943,"href":"https:\/\/www.gstrad.com\/en\/wp-json\/wp\/v2\/pages\/940\/revisions\/943"}],"wp:attachment":[{"href":"https:\/\/www.gstrad.com\/en\/wp-json\/wp\/v2\/media?parent=940"}],"curies":[{"name":"wp","href":"https:\/\/api.w.org\/{rel}","templated":true}]}}